{"id":3851,"date":"2025-10-16T09:08:22","date_gmt":"2025-10-16T14:08:22","guid":{"rendered":"http:\/\/10.190.55.6\/?page_id=3851"},"modified":"2026-01-22T13:28:45","modified_gmt":"2026-01-22T18:28:45","slug":"tim","status":"publish","type":"page","link":"https:\/\/www.ana.gob.pa\/index.php\/tim\/","title":{"rendered":"TIM"},"content":{"rendered":"    <div class=\"wp-block-bplugins-custom-html\" id='bPluginsCustomHtml-1'>\n    <style>\n  .custom-underline \n  {\n    display: inline-block;\n    position: relative;\n    padding-bottom: 3px;\n  }\n  .custom-underline::after \n  {\n    content: \"\";\n    position: absolute;\n    left: -25px;\n    right: -25px;\n    bottom: 0;\n    height: 3px;\n    background-color: #fcaa52;\n  }\n  \/* === BLOCKQUOTE ESTILOS === *\/\n  .custom-blockquote \n  {\n    position: relative;\n    background-color: #f8f9fa;\n    border-left: 4px solid #dee2e6;\n    transition: border-color 0.3s ease, transform 0.3s ease;\n    padding: 1.5rem 2rem;\n  }\n  .custom-blockquote:hover \n  {\n    transform: scale(1.01);\n    border-left-color: #fcaa52 !important;\n    cursor: pointer;\n  }\n  .custom-blockquote i.fa \n  {\n    font-size: 2.5rem;\n    color: #adb5bd;\n    margin-right: 15px;\n    transition: color 0.3s ease;\n  }\n  .custom-blockquote:hover i.fa \n  {\n    color: #fcaa52;\n  }\n  .custom-blockquote .blockquote-header \n  {\n    font-size: 1.25rem;\n    text-align: justify;\n    font-weight: 500;\n    color: #212529;\n    display: inline-block;\n    vertical-align: middle;\n  }\n  .archivos-list \n  {\n    padding-left: 0 !important;\n    margin-left: 0 !important;\n  }\n  .archivos-list li \n  {\n    display: flex;\n    align-items: center;\n    justify-content: flex-start;\n    background: #f8f9fa;\n    padding: 15px;\n    border-radius: 8px;\n    border-left: 5px solid #999999;\n    box-shadow: 0 4px 8px rgba(0, 0, 0, 0.1);\n    margin-bottom: 10px;\n    transition: transform 0.3s ease-in-out, border-left-color 0.3s ease-in-out;\n  }\n  .archivos-list li:hover \n  {\n    transform: scale(1.01);\n    border-left-color: #fcaa52; \/* Color Naranja *\/\n  }\n  .archivos-list li a \n  {\n    text-decoration: none !important;\n    color: #999999 !important;\n    display: flex;\n    align-items: flex-start;\n    gap: 20px;\n    transition: color 0.3s ease-in-out;\n    text-align: left;\n    flex: 1;\n    padding-right: 10px;\n    \/* Ajuste para texto largo *\/\n    overflow-wrap: break-word;\n    word-break: break-word;\n    white-space: normal;\n  } \n  .archivos-list li:hover a\n  {\n    color: #003875 !important;\n    cursor: pointer;\n  }\n  .archivos-list li i \n  {\n    font-size: 1.2em; \/* tama\u00f1o del icono *\/\n    color: #999999;   \/* color del icono *\/\n  }\n  .archivos-list li:hover i \n  {\n    color: #003875;\n  }\n  .entry-content a \n  {\n    box-shadow: 0 0 0 0 !important;\n  }\n  .alert.alert-warning \n  {\n    display: flex;\n    align-items: center;  \/* centra verticalmente el \u00edcono con el texto *\/\n    gap: 10px;            \/* espacio entre \u00edcono y texto *\/\n  }\n  .alert.alert-warning i \n  {\n    font-size: 1.5rem;    \/* ajusta tama\u00f1o del \u00edcono si quieres *\/\n  }\n<\/style>\n\n\n  <div class=\"row gy-4\">\n    <div class=\"col-lg-12 text-center\">\n      <h3 class=\"fw-bold custom-underline mb-5\">Tr\u00e1nsito Internacional de Mercanc\u00edas <br> (TIM)<\/h3>\n    <\/div>\n    <div class=\"col-md-12\">\n      <blockquote class=\"blockquote custom-blockquote p-3 rounded shadow-sm\">\n        <h2 class=\"blockquote-header fs-5 text-justify mb-2\">\n          El Tr\u00e1nsito Internacional de Mercanc\u00edas (TIM) fue una plataforma regional dise\u00f1ada para agilizar y modernizar el transporte terrestre de mercanc\u00edas entre los pa\u00edses de Centroam\u00e9rica. Permit\u00eda gestionar electr\u00f3nicamente el tr\u00e1nsito aduanero mediante un documento \u00fanico y digital, fortaleciendo la transparencia, eficiencia y seguridad en las operaciones transfronterizas. Durante su implementaci\u00f3n, el TIM redujo significativamente los tiempos en los puestos fronterizos y facilit\u00f3 el intercambio de informaci\u00f3n entre las autoridades aduaneras de la regi\u00f3n.\n        <\/h2>\n      <\/blockquote>\n    <\/div>\n    <div class=\"col-md-12 mt-2\">\n      <ul class=\"list-group archivos-list mb-2\">\n        <li class=\"list-group-item d-flex align-items-center\">\n          <div class=\"me-2\" style=\"width: 60px; display: flex; align-items: center; justify-content: center;\">\n            <i class=\"fa-solid fa-check fa-lg\"><\/i>\n          <\/div>\n          <a href=\"\/wp-content\/uploads\/tim\/4-Decreto_de_Gabinete_N_12_del_1_de_mayo_de_2012-TIM.pdf\" target=\"_blank\" download class=\"flex-grow-1 resolution-link text-start\" data-title=\"Decreto Ejecutivo No. 12 de 1 de mayo de 2012, Que estableci\u00f3 el marco legal que regul\u00f3 el funcionamiento del sistema TIM en Panam\u00e1. Esta normativa defin\u00eda las responsabilidades de los actores involucrados, los procedimientos operativos y los mecanismos de control y fiscalizaci\u00f3n aplicables al tr\u00e1nsito internacional de mercanc\u00edas por v\u00eda terrestre.\" style=\"text-decoration:none;\">Decreto Ejecutivo No. 12 de 1 de mayo de 2012, Que estableci\u00f3 el marco legal que regul\u00f3 el funcionamiento del sistema TIM en Panam\u00e1. Esta normativa defin\u00eda las responsabilidades de los actores involucrados, los procedimientos operativos y los mecanismos de control y fiscalizaci\u00f3n aplicables al tr\u00e1nsito internacional de mercanc\u00edas por v\u00eda terrestre.<\/a>\n        <\/li>\n        <li class=\"list-group-item d-flex align-items-center\">\n          <div class=\"me-2\" style=\"width: 60px; display: flex; align-items: center; justify-content: center;\">\n            <i class=\"fa-solid fa-check fa-lg\"><\/i>\n          <\/div>\n          <a href=\"\/wp-content\/uploads\/tim\/form_conductores.pdf\" target=\"_blank\" download class=\"flex-grow-1 resolution-link text-start\" data-title=\"Formulario de Inscripci\u00f3n de Conductores.\" style=\"text-decoration:none;\">Formulario de Inscripci\u00f3n de Conductores.<\/a>\n        <\/li>\n        <li class=\"list-group-item d-flex align-items-center\">\n          <div class=\"me-2\" style=\"width: 60px; display: flex; align-items: center; justify-content: center;\">\n            <i class=\"fa-solid fa-check fa-lg\"><\/i>\n          <\/div>\n          <a href=\"\/wp-content\/uploads\/tim\/form_act_desact_usuarios.pdf\" target=\"_blank\" download class=\"flex-grow-1 resolution-link text-start\" data-title=\"Solicitud - Activar \u00f3 Desactivar Usuarios Externos.\" style=\"text-decoration:none;\">Solicitud &#8211; Activar \u00f3 Desactivar Usuarios Externos.<\/a>\n        <\/li>\n      <\/ul>\n      <div class=\"alert alert-warning mt-2\" role=\"alert\">\n        <i class=\"fa-solid fa-triangle-exclamation\"><\/i>\n        <div>\n          <strong>Atenci\u00f3n: <\/strong> Vigencia finalizada: el sistema TIM fue oficialmente descontinuado el 7 de mayo de 2019, al iniciarse la Declaraci\u00f3n \u00danica Centroamericana de Tr\u00e1nsito (DUCA\u2011T).\n        <\/div>\n      <\/div>\n    <\/div>\n  <\/div>\n    <\/div>\n    ","protected":false},"excerpt":{"rendered":"","protected":false},"author":2,"featured_media":0,"parent":0,"menu_order":0,"comment_status":"closed","ping_status":"closed","template":"","meta":{"footnotes":""},"class_list":["post-3851","page","type-page","status-publish","hentry"],"yoast_head":"<!-- This site is optimized with the Yoast SEO plugin v27.4 - https:\/\/yoast.com\/product\/yoast-seo-wordpress\/ -->\n<title>TIM - Autoridad Nacional de Aduanas<\/title>\n<meta name=\"robots\" content=\"index, follow, max-snippet:-1, max-image-preview:large, max-video-preview:-1\" \/>\n<link rel=\"canonical\" href=\"https:\/\/www.ana.gob.pa\/index.php\/tim\/\" \/>\n<meta property=\"og:locale\" content=\"es_ES\" \/>\n<meta property=\"og:type\" content=\"article\" \/>\n<meta property=\"og:title\" content=\"TIM - Autoridad Nacional de Aduanas\" \/>\n<meta property=\"og:url\" content=\"https:\/\/www.ana.gob.pa\/index.php\/tim\/\" \/>\n<meta property=\"og:site_name\" content=\"Autoridad Nacional de Aduanas\" \/>\n<meta property=\"article:publisher\" content=\"https:\/\/www.facebook.com\/aduanas.panama\/\" \/>\n<meta property=\"article:modified_time\" content=\"2026-01-22T18:28:45+00:00\" \/>\n<meta property=\"og:image\" content=\"https:\/\/www.ana.gob.pa\/wp-content\/uploads\/2025\/07\/logo2.png\" \/>\n\t<meta property=\"og:image:width\" content=\"175\" \/>\n\t<meta property=\"og:image:height\" content=\"76\" \/>\n\t<meta property=\"og:image:type\" content=\"image\/png\" \/>\n<meta name=\"twitter:card\" content=\"summary_large_image\" \/>\n<meta name=\"twitter:site\" content=\"@aduanaspanama\" \/>\n<script type=\"application\/ld+json\" class=\"yoast-schema-graph\">{\"@context\":\"https:\\\/\\\/schema.org\",\"@graph\":[{\"@type\":\"WebPage\",\"@id\":\"https:\\\/\\\/www.ana.gob.pa\\\/index.php\\\/tim\\\/\",\"url\":\"https:\\\/\\\/www.ana.gob.pa\\\/index.php\\\/tim\\\/\",\"name\":\"TIM - Autoridad Nacional de Aduanas\",\"isPartOf\":{\"@id\":\"https:\\\/\\\/www.ana.gob.pa\\\/#website\"},\"datePublished\":\"2025-10-16T14:08:22+00:00\",\"dateModified\":\"2026-01-22T18:28:45+00:00\",\"breadcrumb\":{\"@id\":\"https:\\\/\\\/www.ana.gob.pa\\\/index.php\\\/tim\\\/#breadcrumb\"},\"inLanguage\":\"es\",\"potentialAction\":[{\"@type\":\"ReadAction\",\"target\":[\"https:\\\/\\\/www.ana.gob.pa\\\/index.php\\\/tim\\\/\"]}]},{\"@type\":\"BreadcrumbList\",\"@id\":\"https:\\\/\\\/www.ana.gob.pa\\\/index.php\\\/tim\\\/#breadcrumb\",\"itemListElement\":[{\"@type\":\"ListItem\",\"position\":1,\"name\":\"Portada\",\"item\":\"https:\\\/\\\/www.ana.gob.pa\\\/\"},{\"@type\":\"ListItem\",\"position\":2,\"name\":\"TIM\"}]},{\"@type\":\"WebSite\",\"@id\":\"https:\\\/\\\/www.ana.gob.pa\\\/#website\",\"url\":\"https:\\\/\\\/www.ana.gob.pa\\\/\",\"name\":\"Autoridad Nacional de Aduanas\",\"description\":\"Autoridad Nacional de Aduanas\",\"publisher\":{\"@id\":\"https:\\\/\\\/www.ana.gob.pa\\\/#organization\"},\"alternateName\":\"Autoridad Nacional de Aduanas\",\"potentialAction\":[{\"@type\":\"SearchAction\",\"target\":{\"@type\":\"EntryPoint\",\"urlTemplate\":\"https:\\\/\\\/www.ana.gob.pa\\\/?s={search_term_string}\"},\"query-input\":{\"@type\":\"PropertyValueSpecification\",\"valueRequired\":true,\"valueName\":\"search_term_string\"}}],\"inLanguage\":\"es\"},{\"@type\":\"Organization\",\"@id\":\"https:\\\/\\\/www.ana.gob.pa\\\/#organization\",\"name\":\"Autoridad Nacional de Aduanas\",\"alternateName\":\"Autoridad Nacional de Aduanas\",\"url\":\"https:\\\/\\\/www.ana.gob.pa\\\/\",\"logo\":{\"@type\":\"ImageObject\",\"inLanguage\":\"es\",\"@id\":\"https:\\\/\\\/www.ana.gob.pa\\\/#\\\/schema\\\/logo\\\/image\\\/\",\"url\":\"https:\\\/\\\/www.ana.gob.pa\\\/wp-content\\\/uploads\\\/2025\\\/07\\\/logo-de-aduanas-y-gobierno.png\",\"contentUrl\":\"https:\\\/\\\/www.ana.gob.pa\\\/wp-content\\\/uploads\\\/2025\\\/07\\\/logo-de-aduanas-y-gobierno.png\",\"width\":2860,\"height\":423,\"caption\":\"Autoridad Nacional de Aduanas\"},\"image\":{\"@id\":\"https:\\\/\\\/www.ana.gob.pa\\\/#\\\/schema\\\/logo\\\/image\\\/\"},\"sameAs\":[\"https:\\\/\\\/www.facebook.com\\\/aduanas.panama\\\/\",\"https:\\\/\\\/x.com\\\/aduanaspanama\",\"https:\\\/\\\/www.instagram.com\\\/aduanaspanama\"]}]}<\/script>\n<!-- \/ Yoast SEO plugin. -->","yoast_head_json":{"title":"TIM - Autoridad Nacional de Aduanas","robots":{"index":"index","follow":"follow","max-snippet":"max-snippet:-1","max-image-preview":"max-image-preview:large","max-video-preview":"max-video-preview:-1"},"canonical":"https:\/\/www.ana.gob.pa\/index.php\/tim\/","og_locale":"es_ES","og_type":"article","og_title":"TIM - Autoridad Nacional de Aduanas","og_url":"https:\/\/www.ana.gob.pa\/index.php\/tim\/","og_site_name":"Autoridad Nacional de Aduanas","article_publisher":"https:\/\/www.facebook.com\/aduanas.panama\/","article_modified_time":"2026-01-22T18:28:45+00:00","og_image":[{"width":175,"height":76,"url":"https:\/\/www.ana.gob.pa\/wp-content\/uploads\/2025\/07\/logo2.png","type":"image\/png"}],"twitter_card":"summary_large_image","twitter_site":"@aduanaspanama","schema":{"@context":"https:\/\/schema.org","@graph":[{"@type":"WebPage","@id":"https:\/\/www.ana.gob.pa\/index.php\/tim\/","url":"https:\/\/www.ana.gob.pa\/index.php\/tim\/","name":"TIM - Autoridad Nacional de Aduanas","isPartOf":{"@id":"https:\/\/www.ana.gob.pa\/#website"},"datePublished":"2025-10-16T14:08:22+00:00","dateModified":"2026-01-22T18:28:45+00:00","breadcrumb":{"@id":"https:\/\/www.ana.gob.pa\/index.php\/tim\/#breadcrumb"},"inLanguage":"es","potentialAction":[{"@type":"ReadAction","target":["https:\/\/www.ana.gob.pa\/index.php\/tim\/"]}]},{"@type":"BreadcrumbList","@id":"https:\/\/www.ana.gob.pa\/index.php\/tim\/#breadcrumb","itemListElement":[{"@type":"ListItem","position":1,"name":"Portada","item":"https:\/\/www.ana.gob.pa\/"},{"@type":"ListItem","position":2,"name":"TIM"}]},{"@type":"WebSite","@id":"https:\/\/www.ana.gob.pa\/#website","url":"https:\/\/www.ana.gob.pa\/","name":"Autoridad Nacional de Aduanas","description":"Autoridad Nacional de Aduanas","publisher":{"@id":"https:\/\/www.ana.gob.pa\/#organization"},"alternateName":"Autoridad Nacional de Aduanas","potentialAction":[{"@type":"SearchAction","target":{"@type":"EntryPoint","urlTemplate":"https:\/\/www.ana.gob.pa\/?s={search_term_string}"},"query-input":{"@type":"PropertyValueSpecification","valueRequired":true,"valueName":"search_term_string"}}],"inLanguage":"es"},{"@type":"Organization","@id":"https:\/\/www.ana.gob.pa\/#organization","name":"Autoridad Nacional de Aduanas","alternateName":"Autoridad Nacional de Aduanas","url":"https:\/\/www.ana.gob.pa\/","logo":{"@type":"ImageObject","inLanguage":"es","@id":"https:\/\/www.ana.gob.pa\/#\/schema\/logo\/image\/","url":"https:\/\/www.ana.gob.pa\/wp-content\/uploads\/2025\/07\/logo-de-aduanas-y-gobierno.png","contentUrl":"https:\/\/www.ana.gob.pa\/wp-content\/uploads\/2025\/07\/logo-de-aduanas-y-gobierno.png","width":2860,"height":423,"caption":"Autoridad Nacional de Aduanas"},"image":{"@id":"https:\/\/www.ana.gob.pa\/#\/schema\/logo\/image\/"},"sameAs":["https:\/\/www.facebook.com\/aduanas.panama\/","https:\/\/x.com\/aduanaspanama","https:\/\/www.instagram.com\/aduanaspanama"]}]}},"_links":{"self":[{"href":"https:\/\/www.ana.gob.pa\/index.php\/wp-json\/wp\/v2\/pages\/3851","targetHints":{"allow":["GET"]}}],"collection":[{"href":"https:\/\/www.ana.gob.pa\/index.php\/wp-json\/wp\/v2\/pages"}],"about":[{"href":"https:\/\/www.ana.gob.pa\/index.php\/wp-json\/wp\/v2\/types\/page"}],"author":[{"embeddable":true,"href":"https:\/\/www.ana.gob.pa\/index.php\/wp-json\/wp\/v2\/users\/2"}],"replies":[{"embeddable":true,"href":"https:\/\/www.ana.gob.pa\/index.php\/wp-json\/wp\/v2\/comments?post=3851"}],"version-history":[{"count":20,"href":"https:\/\/www.ana.gob.pa\/index.php\/wp-json\/wp\/v2\/pages\/3851\/revisions"}],"predecessor-version":[{"id":5944,"href":"https:\/\/www.ana.gob.pa\/index.php\/wp-json\/wp\/v2\/pages\/3851\/revisions\/5944"}],"wp:attachment":[{"href":"https:\/\/www.ana.gob.pa\/index.php\/wp-json\/wp\/v2\/media?parent=3851"}],"curies":[{"name":"wp","href":"https:\/\/api.w.org\/{rel}","templated":true}]}}